{"id":431,"date":"2022-12-20T13:18:40","date_gmt":"2022-12-20T13:18:40","guid":{"rendered":"http:\/\/coumyc.pl\/?page_id=431"},"modified":"2022-12-28T06:45:27","modified_gmt":"2022-12-28T06:45:27","slug":"mycie-okien","status":"publish","type":"page","link":"https:\/\/coumyc.pl\/index.php\/mycie-okien\/","title":{"rendered":"Mycie okien"},"content":{"rendered":"\t\t<div data-elementor-type=\"wp-page\" data-elementor-id=\"431\" class=\"elementor elementor-431\">\n\t\t\t\t\t\t<section class=\"elementor-section elementor-top-section elementor-element elementor-element-e75a31c elementor-section-boxed elementor-section-height-default elementor-section-height-default\" data-id=\"e75a31c\" data-element_type=\"section\" data-settings=\"{&quot;background_background&quot;:&quot;classic&quot;}\">\n\t\t\t\t\t\t\t<div class=\"elementor-background-overlay\"><\/div>\n\t\t\t\t\t\t\t<div class=\"elementor-container elementor-column-gap-no\">\n\t\t\t\t\t<div class=\"elementor-column elementor-col-100 elementor-top-column elementor-element elementor-element-1c515ab1\" data-id=\"1c515ab1\" data-element_type=\"column\">\n\t\t\t<div class=\"elementor-widget-wrap elementor-element-populated\">\n\t\t\t\t\t\t<div class=\"elementor-element elementor-element-c7a2839 elementor-widget elementor-widget-spacer\" data-id=\"c7a2839\" data-element_type=\"widget\" data-widget_type=\"spacer.default\">\n\t\t\t\t<div class=\"elementor-widget-container\">\n\t\t\t\t\t<div class=\"elementor-spacer\">\n\t\t\t<div class=\"elementor-spacer-inner\"><\/div>\n\t\t<\/div>\n\t\t\t\t<\/div>\n\t\t\t\t<\/div>\n\t\t\t\t<section class=\"elementor-section elementor-inner-section elementor-element elementor-element-1a64e67c elementor-section-boxed elementor-section-height-default elementor-section-height-default\" data-id=\"1a64e67c\" data-element_type=\"section\">\n\t\t\t\t\t\t<div class=\"elementor-container elementor-column-gap-default\">\n\t\t\t\t\t<div class=\"elementor-column elementor-col-100 elementor-inner-column elementor-element elementor-element-6a80693b\" data-id=\"6a80693b\" data-element_type=\"column\">\n\t\t\t<div class=\"elementor-widget-wrap elementor-element-populated\">\n\t\t\t\t\t\t<div class=\"elementor-element elementor-element-695a555 elementor-skin-carousel elementor-arrows-yes elementor-widget elementor-widget-media-carousel\" data-id=\"695a555\" data-element_type=\"widget\" data-settings=\"{&quot;slides_per_view&quot;:&quot;1&quot;,&quot;space_between&quot;:{&quot;unit&quot;:&quot;px&quot;,&quot;size&quot;:0,&quot;sizes&quot;:[]},&quot;skin&quot;:&quot;carousel&quot;,&quot;effect&quot;:&quot;slide&quot;,&quot;show_arrows&quot;:&quot;yes&quot;,&quot;speed&quot;:500,&quot;autoplay&quot;:&quot;yes&quot;,&quot;autoplay_speed&quot;:5000,&quot;loop&quot;:&quot;yes&quot;,&quot;pause_on_hover&quot;:&quot;yes&quot;,&quot;pause_on_interaction&quot;:&quot;yes&quot;,&quot;space_between_tablet&quot;:{&quot;unit&quot;:&quot;px&quot;,&quot;size&quot;:10,&quot;sizes&quot;:[]},&quot;space_between_mobile&quot;:{&quot;unit&quot;:&quot;px&quot;,&quot;size&quot;:10,&quot;sizes&quot;:[]}}\" data-widget_type=\"media-carousel.default\">\n\t\t\t\t<div class=\"elementor-widget-container\">\n\t\t\t\t\t<div class=\"elementor-swiper\">\n\t\t\t<div class=\"elementor-main-swiper swiper-container\">\n\t\t\t\t<div class=\"swiper-wrapper\">\n\t\t\t\t\t\t\t\t\t\t\t<div class=\"swiper-slide\">\n\t\t\t\t\t\t\t\t\t<div class=\"elementor-carousel-image\" style=\"background-image: url(https:\/\/coumyc.pl\/wp-content\/uploads\/2022\/12\/20210904_194955-600x600.jpg)\">\n\t\t\t\t\t<\/div>\n\t\t\t\t\t\t\t\t<\/div>\n\t\t\t\t\t\t\t\t\t\t\t<div class=\"swiper-slide\">\n\t\t\t\t\t\t\t\t\t<div class=\"elementor-carousel-image\" style=\"background-image: url(https:\/\/coumyc.pl\/wp-content\/uploads\/2022\/12\/20210831_123618-600x600.jpg)\">\n\t\t\t\t\t<\/div>\n\t\t\t\t\t\t\t\t<\/div>\n\t\t\t\t\t\t\t\t\t\t\t<div class=\"swiper-slide\">\n\t\t\t\t\t\t\t\t\t<div class=\"elementor-carousel-image\" style=\"background-image: url(https:\/\/coumyc.pl\/wp-content\/uploads\/2022\/12\/20210903_165951-600x600.jpg)\">\n\t\t\t\t\t<\/div>\n\t\t\t\t\t\t\t\t<\/div>\n\t\t\t\t\t\t\t\t\t\t\t<div class=\"swiper-slide\">\n\t\t\t\t\t\t\t\t\t<div class=\"elementor-carousel-image\" style=\"background-image: url(https:\/\/coumyc.pl\/wp-content\/uploads\/2022\/12\/20210906_080814-600x600.jpg)\">\n\t\t\t\t\t<\/div>\n\t\t\t\t\t\t\t\t<\/div>\n\t\t\t\t\t\t\t\t\t<\/div>\n\t\t\t\t\t\t\t\t\t\t\t\t\t\t\t\t\t\t\t\t<div class=\"elementor-swiper-button elementor-swiper-button-prev\">\n\t\t\t\t\t\t\t<i aria-hidden=\"true\" class=\"eicon-chevron-left\"><\/i>\t\t\t\t\t\t\t<span class=\"elementor-screen-only\">Previous<\/span>\n\t\t\t\t\t\t<\/div>\n\t\t\t\t\t\t<div class=\"elementor-swiper-button elementor-swiper-button-next\">\n\t\t\t\t\t\t\t<i aria-hidden=\"true\" class=\"eicon-chevron-right\"><\/i>\t\t\t\t\t\t\t<span class=\"elementor-screen-only\">Next<\/span>\n\t\t\t\t\t\t<\/div>\n\t\t\t\t\t\t\t\t\t\t\t\t<\/div>\n\t\t<\/div>\n\t\t\t\t<\/div>\n\t\t\t\t<\/div>\n\t\t\t\t<div class=\"elementor-element elementor-element-12001856 elementor-invisible elementor-widget elementor-widget-heading\" data-id=\"12001856\" data-element_type=\"widget\" data-settings=\"{&quot;_animation&quot;:&quot;fadeIn&quot;}\" data-widget_type=\"heading.default\">\n\t\t\t\t<div class=\"elementor-widget-container\">\n\t\t\t<h3 class=\"elementor-heading-title elementor-size-default\">Mycie okien<\/h3>\t\t<\/div>\n\t\t\t\t<\/div>\n\t\t\t\t<div class=\"elementor-element elementor-element-32735d0f elementor-widget-divider--view-line elementor-widget elementor-widget-divider\" data-id=\"32735d0f\" data-element_type=\"widget\" data-widget_type=\"divider.default\">\n\t\t\t\t<div class=\"elementor-widget-container\">\n\t\t\t\t\t<div class=\"elementor-divider\">\n\t\t\t<span class=\"elementor-divider-separator\">\n\t\t\t\t\t\t<\/span>\n\t\t<\/div>\n\t\t\t\t<\/div>\n\t\t\t\t<\/div>\n\t\t\t\t<div class=\"elementor-element elementor-element-74c53522 elementor-widget elementor-widget-text-editor\" data-id=\"74c53522\" data-element_type=\"widget\" data-widget_type=\"text-editor.default\">\n\t\t\t\t<div class=\"elementor-widget-container\">\n\t\t\t\t\t\t\t<p>Myjemy okna i du\u017ce przestrzenie szklane zar\u00f3wno metod\u0105 tradycyjn\u0105 wykorzystuj\u0105c baranek i \u015bci\u0105gaczk\u0119 oraz stosujemy metody bardziej zaawansowane jak u\u017cycie wody demineralizowanej. Woda demineralizowana zosta\u0142a pozbawiona wszystkich zanieczyszcze\u0144 sta\u0142ych jak i mikro i makroelement\u00f3w, dlatego jest idealnym rozpuszczalnikiem. Zanieczyszczenia atmosferyczne znajduj\u0105ce si\u0119 na zewn\u0119trznej powierzchni czyszczonego materia\u0142u bardzo \u0142atwo rozpuszczaj\u0105 si\u0119 w takiej wodzie, przez co u\u0142atwia to proces czyszczenia. Dodatkowo woda pozbawiona w\u0119glanu wapnia oraz innych makroelement\u00f3w w procesie wysychania nie pozostawia bia\u0142ych kropek na szybach. W razie konieczno\u015bci mo\u017cemy wykorzysta\u0107 r\u00f3wnie\u017c podgrzewanie wody demineralizowanej co u\u0142atwia czyszczenie paneli fotowoltaicznych, zimna woda nie dotyka rozgrzanej powierzchni paneli, niweluje to powstawanie mikrop\u0119kni\u0119\u0107 na PV. Dodatkowo system wody demineralizowanej mo\u017ce zosta\u0107 wyposa\u017cony w podawanie chemii. Przy niekt\u00f3rych zabrudzeniach jest to dodatkowy atut.<\/p><p>System wody demineralizowanej mo\u017ce zosta\u0107 r\u00f3wnie\u017c wykorzystany do mycia zewn\u0119trznych jak i wewn\u0119trznych powierzchni wewn\u0105trz obiekt\u00f3w zbudowanych z p\u0142yt warstwowych. Stosuj\u0105c specjalne kije karbonowe mo\u017cna my\u0107 na wysoko\u015bci do 15m od ziemi, bez u\u017cycia specjalistycznego sprz\u0119tu wysoko\u015bciowego jak zwy\u017cki, podno\u015bniki koszowe i techniki alpinistyczne. Skraca to czas wykonania us\u0142ugi i eliminuje dodatkowe koszty wynajmu wspomnianych urz\u0105dze\u0144.<\/p><p>Mycie elewacji wod\u0105 demineralizowan\u0105, mycie okien na wysoko\u015bci, mycie du\u017cych przestrzeni szklanych, mycie oran\u017cerii i ogrod\u00f3w zimowych, mycie \u015bwietlik\u00f3w szklanych, mycie paneli fotowoltaicznych, mycie paneli PV. Mycie wewn\u0119trzne okien, mycie, elewacji wewn\u0105trz fabryk, elewacji wewn\u0105trz magazyn\u00f3w. Mycie sufit\u00f3w.<\/p>\t\t\t\t\t\t<\/div>\n\t\t\t\t<\/div>\n\t\t\t\t\t<\/div>\n\t\t<\/div>\n\t\t\t\t\t<\/div>\n\t\t<\/section>\n\t\t\t\t<div class=\"elementor-element elementor-element-3167f12 elementor-position-left elementor-view-default elementor-mobile-position-top elementor-vertical-align-top elementor-widget elementor-widget-icon-box\" data-id=\"3167f12\" data-element_type=\"widget\" data-widget_type=\"icon-box.default\">\n\t\t\t\t<div class=\"elementor-widget-container\">\n\t\t\t\t\t<div class=\"elementor-icon-box-wrapper\">\n\n\t\t\t\t\t\t<div class=\"elementor-icon-box-icon\">\n\t\t\t\t<a href=\"https:\/\/coumyc.pl\" class=\"elementor-icon elementor-animation-\" tabindex=\"-1\">\n\t\t\t\t<i aria-hidden=\"true\" class=\"far fa-arrow-alt-circle-left\"><\/i>\t\t\t\t<\/a>\n\t\t\t<\/div>\n\t\t\t\n\t\t\t\t\t\t<div class=\"elementor-icon-box-content\">\n\n\t\t\t\t\t\t\t\t\t<h3 class=\"elementor-icon-box-title\">\n\t\t\t\t\t\t<a href=\"https:\/\/coumyc.pl\" >\n\t\t\t\t\t\t\tWstecz\t\t\t\t\t\t<\/a>\n\t\t\t\t\t<\/h3>\n\t\t\t\t\n\t\t\t\t\n\t\t\t<\/div>\n\t\t\t\n\t\t<\/div>\n\t\t\t\t<\/div>\n\t\t\t\t<\/div>\n\t\t\t\t\t<\/div>\n\t\t<\/div>\n\t\t\t\t\t<\/div>\n\t\t<\/section>\n\t\t\t\t<\/div>\n\t\t","protected":false},"excerpt":{"rendered":"<p>Previous Next Mycie okien Myjemy okna i du\u017ce przestrzenie szklane zar\u00f3wno metod\u0105 tradycyjn\u0105 wykorzystuj\u0105c baranek i \u015bci\u0105gaczk\u0119 oraz stosujemy metody bardziej zaawansowane jak u\u017cycie wody demineralizowanej. Woda demineralizowana zosta\u0142a pozbawiona wszystkich zanieczyszcze\u0144 sta\u0142ych jak i mikro i makroelement\u00f3w, dlatego jest idealnym rozpuszczalnikiem. Zanieczyszczenia atmosferyczne znajduj\u0105ce si\u0119 na zewn\u0119trznej powierzchni czyszczonego materia\u0142u bardzo \u0142atwo rozpuszczaj\u0105 si\u0119 [&hellip;]<\/p>\n","protected":false},"author":1,"featured_media":0,"parent":0,"menu_order":0,"comment_status":"closed","ping_status":"closed","template":"","meta":{"ocean_post_layout":"full-screen","ocean_both_sidebars_style":"","ocean_both_sidebars_content_width":0,"ocean_both_sidebars_sidebars_width":0,"ocean_sidebar":"0","ocean_second_sidebar":"0","ocean_disable_margins":"on","ocean_add_body_class":"","ocean_shortcode_before_top_bar":"","ocean_shortcode_after_top_bar":"","ocean_shortcode_before_header":"","ocean_shortcode_after_header":"","ocean_has_shortcode":"","ocean_shortcode_after_title":"","ocean_shortcode_before_footer_widgets":"","ocean_shortcode_after_footer_widgets":"","ocean_shortcode_before_footer_bottom":"","ocean_shortcode_after_footer_bottom":"","ocean_display_top_bar":"default","ocean_display_header":"default","ocean_header_style":"","ocean_center_header_left_menu":"0","ocean_custom_header_template":"0","ocean_custom_logo":0,"ocean_custom_retina_logo":0,"ocean_custom_logo_max_width":0,"ocean_custom_logo_tablet_max_width":0,"ocean_custom_logo_mobile_max_width":0,"ocean_custom_logo_max_height":0,"ocean_custom_logo_tablet_max_height":0,"ocean_custom_logo_mobile_max_height":0,"ocean_header_custom_menu":"0","ocean_menu_typo_font_family":"0","ocean_menu_typo_font_subset":"","ocean_menu_typo_font_size":0,"ocean_menu_typo_font_size_tablet":0,"ocean_menu_typo_font_size_mobile":0,"ocean_menu_typo_font_size_unit":"px","ocean_menu_typo_font_weight":"","ocean_menu_typo_font_weight_tablet":"","ocean_menu_typo_font_weight_mobile":"","ocean_menu_typo_transform":"","ocean_menu_typo_transform_tablet":"","ocean_menu_typo_transform_mobile":"","ocean_menu_typo_line_height":0,"ocean_menu_typo_line_height_tablet":0,"ocean_menu_typo_line_height_mobile":0,"ocean_menu_typo_line_height_unit":"","ocean_menu_typo_spacing":0,"ocean_menu_typo_spacing_tablet":0,"ocean_menu_typo_spacing_mobile":0,"ocean_menu_typo_spacing_unit":"","ocean_menu_link_color":"","ocean_menu_link_color_hover":"","ocean_menu_link_color_active":"","ocean_menu_link_background":"","ocean_menu_link_hover_background":"","ocean_menu_link_active_background":"","ocean_menu_social_links_bg":"","ocean_menu_social_hover_links_bg":"","ocean_menu_social_links_color":"","ocean_menu_social_hover_links_color":"","ocean_disable_title":"on","ocean_disable_heading":"default","ocean_post_title":"","ocean_post_subheading":"","ocean_post_title_style":"","ocean_post_title_background_color":"","ocean_post_title_background":0,"ocean_post_title_bg_image_position":"","ocean_post_title_bg_image_attachment":"","ocean_post_title_bg_image_repeat":"","ocean_post_title_bg_image_size":"","ocean_post_title_height":0,"ocean_post_title_bg_overlay":0.5,"ocean_post_title_bg_overlay_color":"","ocean_disable_breadcrumbs":"default","ocean_breadcrumbs_color":"","ocean_breadcrumbs_separator_color":"","ocean_breadcrumbs_links_color":"","ocean_breadcrumbs_links_hover_color":"","ocean_display_footer_widgets":"default","ocean_display_footer_bottom":"default","ocean_custom_footer_template":"0","_themeisle_gutenberg_block_has_review":false,"footnotes":""},"yoast_head":"<!-- This site is optimized with the Yoast SEO plugin v22.1 - https:\/\/yoast.com\/wordpress\/plugins\/seo\/ -->\n<title>Mycie okien - Mycie ci\u015bnieniowe dach&oacute;w, elewacji, kostki brukowej, okien<\/title>\n<meta name=\"description\" content=\"Mycie ci\u015bnieniowe dach\u00f3w, elewacji, kostki brukowej. Usuwanie plam olejowych, \u015blad\u00f3w opon. Impregnacja przeciwglonowa, hydrofobowa. Zmiana koloru kostki brukowej.\" \/>\n<meta name=\"robots\" content=\"index, follow, max-snippet:-1, max-image-preview:large, max-video-preview:-1\" \/>\n<link rel=\"canonical\" href=\"https:\/\/coumyc.pl\/index.php\/mycie-okien\/\" \/>\n<meta property=\"og:locale\" content=\"pl_PL\" \/>\n<meta property=\"og:type\" content=\"article\" \/>\n<meta property=\"og:title\" content=\"Mycie okien - Mycie ci\u015bnieniowe dach&oacute;w, elewacji, kostki brukowej, okien\" \/>\n<meta property=\"og:description\" content=\"Mycie ci\u015bnieniowe dach\u00f3w, elewacji, kostki brukowej. Usuwanie plam olejowych, \u015blad\u00f3w opon. Impregnacja przeciwglonowa, hydrofobowa. Zmiana koloru kostki brukowej.\" \/>\n<meta property=\"og:url\" content=\"https:\/\/coumyc.pl\/index.php\/mycie-okien\/\" \/>\n<meta property=\"og:site_name\" content=\"Mycie ci\u015bnieniowe dach&oacute;w, elewacji, kostki brukowej, okien\" \/>\n<meta property=\"article:modified_time\" content=\"2022-12-28T06:45:27+00:00\" \/>\n<meta name=\"twitter:card\" content=\"summary_large_image\" \/>\n<meta name=\"twitter:label1\" content=\"Szacowany czas czytania\" \/>\n\t<meta name=\"twitter:data1\" content=\"2 minuty\" \/>\n<script type=\"application\/ld+json\" class=\"yoast-schema-graph\">{\"@context\":\"https:\/\/schema.org\",\"@graph\":[{\"@type\":\"WebPage\",\"@id\":\"https:\/\/coumyc.pl\/index.php\/mycie-okien\/\",\"url\":\"https:\/\/coumyc.pl\/index.php\/mycie-okien\/\",\"name\":\"Mycie okien - Mycie ci\u015bnieniowe dach&oacute;w, elewacji, kostki brukowej, okien\",\"isPartOf\":{\"@id\":\"https:\/\/coumyc.pl\/#website\"},\"datePublished\":\"2022-12-20T13:18:40+00:00\",\"dateModified\":\"2022-12-28T06:45:27+00:00\",\"description\":\"Mycie ci\u015bnieniowe dach\u00f3w, elewacji, kostki brukowej. Usuwanie plam olejowych, \u015blad\u00f3w opon. Impregnacja przeciwglonowa, hydrofobowa. Zmiana koloru kostki brukowej.\",\"breadcrumb\":{\"@id\":\"https:\/\/coumyc.pl\/index.php\/mycie-okien\/#breadcrumb\"},\"inLanguage\":\"pl-PL\",\"potentialAction\":[{\"@type\":\"ReadAction\",\"target\":[\"https:\/\/coumyc.pl\/index.php\/mycie-okien\/\"]}]},{\"@type\":\"BreadcrumbList\",\"@id\":\"https:\/\/coumyc.pl\/index.php\/mycie-okien\/#breadcrumb\",\"itemListElement\":[{\"@type\":\"ListItem\",\"position\":1,\"name\":\"Strona g\u0142\u00f3wna\",\"item\":\"https:\/\/coumyc.pl\/\"},{\"@type\":\"ListItem\",\"position\":2,\"name\":\"Mycie okien\"}]},{\"@type\":\"WebSite\",\"@id\":\"https:\/\/coumyc.pl\/#website\",\"url\":\"https:\/\/coumyc.pl\/\",\"name\":\"Mycie ci\u015bnieniowe dach&oacute;w, elewacji, kostki brukowej, okien\",\"description\":\"Specjalistyczne us\u0142ugi sprz\u0105taj\u0105ce, mycie ci\u015bnieniowe mycie dach&oacute;w, mycie elewacji, mycie kostki brukowej, mycie okien, mycie paneli fotowoltaicznych\",\"publisher\":{\"@id\":\"https:\/\/coumyc.pl\/#organization\"},\"potentialAction\":[{\"@type\":\"SearchAction\",\"target\":{\"@type\":\"EntryPoint\",\"urlTemplate\":\"https:\/\/coumyc.pl\/?s={search_term_string}\"},\"query-input\":\"required name=search_term_string\"}],\"inLanguage\":\"pl-PL\"},{\"@type\":\"Organization\",\"@id\":\"https:\/\/coumyc.pl\/#organization\",\"name\":\"Mycie ci\u015bnieniowe dach&oacute;w, elewacji, kostki brukowej, okien\",\"url\":\"https:\/\/coumyc.pl\/\",\"logo\":{\"@type\":\"ImageObject\",\"inLanguage\":\"pl-PL\",\"@id\":\"https:\/\/coumyc.pl\/#\/schema\/logo\/image\/\",\"url\":\"https:\/\/coumyc.pl\/wp-content\/uploads\/2022\/12\/cropped-logo-bez-tla-wieksze.png\",\"contentUrl\":\"https:\/\/coumyc.pl\/wp-content\/uploads\/2022\/12\/cropped-logo-bez-tla-wieksze.png\",\"width\":905,\"height\":705,\"caption\":\"Mycie ci\u015bnieniowe dach&oacute;w, elewacji, kostki brukowej,  okien\"},\"image\":{\"@id\":\"https:\/\/coumyc.pl\/#\/schema\/logo\/image\/\"}}]}<\/script>\n<!-- \/ Yoast SEO plugin. -->","yoast_head_json":{"title":"Mycie okien - Mycie ci\u015bnieniowe dach&oacute;w, elewacji, kostki brukowej, okien","description":"Mycie ci\u015bnieniowe dach\u00f3w, elewacji, kostki brukowej. Usuwanie plam olejowych, \u015blad\u00f3w opon. Impregnacja przeciwglonowa, hydrofobowa. Zmiana koloru kostki brukowej.","robots":{"index":"index","follow":"follow","max-snippet":"max-snippet:-1","max-image-preview":"max-image-preview:large","max-video-preview":"max-video-preview:-1"},"canonical":"https:\/\/coumyc.pl\/index.php\/mycie-okien\/","og_locale":"pl_PL","og_type":"article","og_title":"Mycie okien - Mycie ci\u015bnieniowe dach&oacute;w, elewacji, kostki brukowej, okien","og_description":"Mycie ci\u015bnieniowe dach\u00f3w, elewacji, kostki brukowej. Usuwanie plam olejowych, \u015blad\u00f3w opon. Impregnacja przeciwglonowa, hydrofobowa. Zmiana koloru kostki brukowej.","og_url":"https:\/\/coumyc.pl\/index.php\/mycie-okien\/","og_site_name":"Mycie ci\u015bnieniowe dach&oacute;w, elewacji, kostki brukowej, okien","article_modified_time":"2022-12-28T06:45:27+00:00","twitter_card":"summary_large_image","twitter_misc":{"Szacowany czas czytania":"2 minuty"},"schema":{"@context":"https:\/\/schema.org","@graph":[{"@type":"WebPage","@id":"https:\/\/coumyc.pl\/index.php\/mycie-okien\/","url":"https:\/\/coumyc.pl\/index.php\/mycie-okien\/","name":"Mycie okien - Mycie ci\u015bnieniowe dach&oacute;w, elewacji, kostki brukowej, okien","isPartOf":{"@id":"https:\/\/coumyc.pl\/#website"},"datePublished":"2022-12-20T13:18:40+00:00","dateModified":"2022-12-28T06:45:27+00:00","description":"Mycie ci\u015bnieniowe dach\u00f3w, elewacji, kostki brukowej. Usuwanie plam olejowych, \u015blad\u00f3w opon. Impregnacja przeciwglonowa, hydrofobowa. Zmiana koloru kostki brukowej.","breadcrumb":{"@id":"https:\/\/coumyc.pl\/index.php\/mycie-okien\/#breadcrumb"},"inLanguage":"pl-PL","potentialAction":[{"@type":"ReadAction","target":["https:\/\/coumyc.pl\/index.php\/mycie-okien\/"]}]},{"@type":"BreadcrumbList","@id":"https:\/\/coumyc.pl\/index.php\/mycie-okien\/#breadcrumb","itemListElement":[{"@type":"ListItem","position":1,"name":"Strona g\u0142\u00f3wna","item":"https:\/\/coumyc.pl\/"},{"@type":"ListItem","position":2,"name":"Mycie okien"}]},{"@type":"WebSite","@id":"https:\/\/coumyc.pl\/#website","url":"https:\/\/coumyc.pl\/","name":"Mycie ci\u015bnieniowe dach&oacute;w, elewacji, kostki brukowej, okien","description":"Specjalistyczne us\u0142ugi sprz\u0105taj\u0105ce, mycie ci\u015bnieniowe mycie dach&oacute;w, mycie elewacji, mycie kostki brukowej, mycie okien, mycie paneli fotowoltaicznych","publisher":{"@id":"https:\/\/coumyc.pl\/#organization"},"potentialAction":[{"@type":"SearchAction","target":{"@type":"EntryPoint","urlTemplate":"https:\/\/coumyc.pl\/?s={search_term_string}"},"query-input":"required name=search_term_string"}],"inLanguage":"pl-PL"},{"@type":"Organization","@id":"https:\/\/coumyc.pl\/#organization","name":"Mycie ci\u015bnieniowe dach&oacute;w, elewacji, kostki brukowej, okien","url":"https:\/\/coumyc.pl\/","logo":{"@type":"ImageObject","inLanguage":"pl-PL","@id":"https:\/\/coumyc.pl\/#\/schema\/logo\/image\/","url":"https:\/\/coumyc.pl\/wp-content\/uploads\/2022\/12\/cropped-logo-bez-tla-wieksze.png","contentUrl":"https:\/\/coumyc.pl\/wp-content\/uploads\/2022\/12\/cropped-logo-bez-tla-wieksze.png","width":905,"height":705,"caption":"Mycie ci\u015bnieniowe dach&oacute;w, elewacji, kostki brukowej,  okien"},"image":{"@id":"https:\/\/coumyc.pl\/#\/schema\/logo\/image\/"}}]}},"_links":{"self":[{"href":"https:\/\/coumyc.pl\/index.php\/wp-json\/wp\/v2\/pages\/431"}],"collection":[{"href":"https:\/\/coumyc.pl\/index.php\/wp-json\/wp\/v2\/pages"}],"about":[{"href":"https:\/\/coumyc.pl\/index.php\/wp-json\/wp\/v2\/types\/page"}],"author":[{"embeddable":true,"href":"https:\/\/coumyc.pl\/index.php\/wp-json\/wp\/v2\/users\/1"}],"replies":[{"embeddable":true,"href":"https:\/\/coumyc.pl\/index.php\/wp-json\/wp\/v2\/comments?post=431"}],"version-history":[{"count":41,"href":"https:\/\/coumyc.pl\/index.php\/wp-json\/wp\/v2\/pages\/431\/revisions"}],"predecessor-version":[{"id":645,"href":"https:\/\/coumyc.pl\/index.php\/wp-json\/wp\/v2\/pages\/431\/revisions\/645"}],"wp:attachment":[{"href":"https:\/\/coumyc.pl\/index.php\/wp-json\/wp\/v2\/media?parent=431"}],"curies":[{"name":"wp","href":"https:\/\/api.w.org\/{rel}","templated":true}]}}