{"id":172,"date":"2022-12-20T10:29:02","date_gmt":"2022-12-20T10:29:02","guid":{"rendered":"http:\/\/coumyc.pl\/?page_id=172"},"modified":"2023-01-06T10:34:53","modified_gmt":"2023-01-06T10:34:53","slug":"realizacje","status":"publish","type":"page","link":"https:\/\/coumyc.pl\/index.php\/realizacje\/","title":{"rendered":"Realizacje"},"content":{"rendered":"\t\t<div data-elementor-type=\"wp-page\" data-elementor-id=\"172\" class=\"elementor elementor-172\">\n\t\t\t\t\t\t<section class=\"elementor-section elementor-top-section elementor-element elementor-element-6640eb93 elementor-section-boxed elementor-section-height-default elementor-section-height-default\" data-id=\"6640eb93\" data-element_type=\"section\" data-settings=\"{&quot;background_background&quot;:&quot;classic&quot;}\">\n\t\t\t\t\t\t\t<div class=\"elementor-background-overlay\"><\/div>\n\t\t\t\t\t\t\t<div class=\"elementor-container elementor-column-gap-no\">\n\t\t\t\t\t<div class=\"elementor-column elementor-col-100 elementor-top-column elementor-element elementor-element-a46c601\" data-id=\"a46c601\" data-element_type=\"column\">\n\t\t\t<div class=\"elementor-widget-wrap elementor-element-populated\">\n\t\t\t\t\t\t<section class=\"elementor-section elementor-inner-section elementor-element elementor-element-aac1277 elementor-section-boxed elementor-section-height-default elementor-section-height-default\" data-id=\"aac1277\" data-element_type=\"section\">\n\t\t\t\t\t\t<div class=\"elementor-container elementor-column-gap-default\">\n\t\t\t\t\t<div class=\"elementor-column elementor-col-100 elementor-inner-column elementor-element elementor-element-58da5a50\" data-id=\"58da5a50\" data-element_type=\"column\">\n\t\t\t<div class=\"elementor-widget-wrap elementor-element-populated\">\n\t\t\t\t\t\t<div class=\"elementor-element elementor-element-8c88371 elementor-widget elementor-widget-spacer\" data-id=\"8c88371\" data-element_type=\"widget\" data-widget_type=\"spacer.default\">\n\t\t\t\t<div class=\"elementor-widget-container\">\n\t\t\t\t\t<div class=\"elementor-spacer\">\n\t\t\t<div class=\"elementor-spacer-inner\"><\/div>\n\t\t<\/div>\n\t\t\t\t<\/div>\n\t\t\t\t<\/div>\n\t\t\t\t<div class=\"elementor-element elementor-element-2ee7d38c elementor-invisible elementor-widget elementor-widget-heading\" data-id=\"2ee7d38c\" data-element_type=\"widget\" data-settings=\"{&quot;_animation&quot;:&quot;fadeIn&quot;}\" data-widget_type=\"heading.default\">\n\t\t\t\t<div class=\"elementor-widget-container\">\n\t\t\t<h3 class=\"elementor-heading-title elementor-size-default\">realizacje<\/h3>\t\t<\/div>\n\t\t\t\t<\/div>\n\t\t\t\t<div class=\"elementor-element elementor-element-338f194e elementor-widget-divider--view-line elementor-widget elementor-widget-divider\" data-id=\"338f194e\" data-element_type=\"widget\" data-widget_type=\"divider.default\">\n\t\t\t\t<div class=\"elementor-widget-container\">\n\t\t\t\t\t<div class=\"elementor-divider\">\n\t\t\t<span class=\"elementor-divider-separator\">\n\t\t\t\t\t\t<\/span>\n\t\t<\/div>\n\t\t\t\t<\/div>\n\t\t\t\t<\/div>\n\t\t\t\t\t<\/div>\n\t\t<\/div>\n\t\t\t\t\t<\/div>\n\t\t<\/section>\n\t\t\t\t<div class=\"elementor-element elementor-element-75d9ccc elementor-widget elementor-widget-shortcode\" data-id=\"75d9ccc\" data-element_type=\"widget\" data-widget_type=\"shortcode.default\">\n\t\t\t\t<div class=\"elementor-widget-container\">\n\t\t\t\t\t<div class=\"elementor-shortcode\"><div class=\"efbl_feed_wraper efbl_skin_495\" >\n\n\t\t\t\t\t\t<p class=\"efbl_error_msg\"> Cannot call API for app 405460652816219 on behalf of user 1978451549213063 <\/p>\n\t\t\t\t\n\t\t<\/div>\n<\/div>\n\t\t\t\t<\/div>\n\t\t\t\t<\/div>\n\t\t\t\t\t<\/div>\n\t\t<\/div>\n\t\t\t\t\t<\/div>\n\t\t<\/section>\n\t\t\t\t<\/div>\n\t\t","protected":false},"excerpt":{"rendered":"<p>realizacje<\/p>\n","protected":false},"author":1,"featured_media":0,"parent":0,"menu_order":0,"comment_status":"closed","ping_status":"closed","template":"","meta":{"ocean_post_layout":"full-screen","ocean_both_sidebars_style":"","ocean_both_sidebars_content_width":0,"ocean_both_sidebars_sidebars_width":0,"ocean_sidebar":"0","ocean_second_sidebar":"0","ocean_disable_margins":"on","ocean_add_body_class":"","ocean_shortcode_before_top_bar":"","ocean_shortcode_after_top_bar":"","ocean_shortcode_before_header":"","ocean_shortcode_after_header":"","ocean_has_shortcode":"","ocean_shortcode_after_title":"","ocean_shortcode_before_footer_widgets":"","ocean_shortcode_after_footer_widgets":"","ocean_shortcode_before_footer_bottom":"","ocean_shortcode_after_footer_bottom":"","ocean_display_top_bar":"default","ocean_display_header":"default","ocean_header_style":"","ocean_center_header_left_menu":"0","ocean_custom_header_template":"0","ocean_custom_logo":0,"ocean_custom_retina_logo":0,"ocean_custom_logo_max_width":0,"ocean_custom_logo_tablet_max_width":0,"ocean_custom_logo_mobile_max_width":0,"ocean_custom_logo_max_height":0,"ocean_custom_logo_tablet_max_height":0,"ocean_custom_logo_mobile_max_height":0,"ocean_header_custom_menu":"0","ocean_menu_typo_font_family":"0","ocean_menu_typo_font_subset":"","ocean_menu_typo_font_size":0,"ocean_menu_typo_font_size_tablet":0,"ocean_menu_typo_font_size_mobile":0,"ocean_menu_typo_font_size_unit":"px","ocean_menu_typo_font_weight":"","ocean_menu_typo_font_weight_tablet":"","ocean_menu_typo_font_weight_mobile":"","ocean_menu_typo_transform":"","ocean_menu_typo_transform_tablet":"","ocean_menu_typo_transform_mobile":"","ocean_menu_typo_line_height":0,"ocean_menu_typo_line_height_tablet":0,"ocean_menu_typo_line_height_mobile":0,"ocean_menu_typo_line_height_unit":"","ocean_menu_typo_spacing":0,"ocean_menu_typo_spacing_tablet":0,"ocean_menu_typo_spacing_mobile":0,"ocean_menu_typo_spacing_unit":"","ocean_menu_link_color":"","ocean_menu_link_color_hover":"","ocean_menu_link_color_active":"","ocean_menu_link_background":"","ocean_menu_link_hover_background":"","ocean_menu_link_active_background":"","ocean_menu_social_links_bg":"","ocean_menu_social_hover_links_bg":"","ocean_menu_social_links_color":"","ocean_menu_social_hover_links_color":"","ocean_disable_title":"on","ocean_disable_heading":"default","ocean_post_title":"","ocean_post_subheading":"","ocean_post_title_style":"","ocean_post_title_background_color":"","ocean_post_title_background":0,"ocean_post_title_bg_image_position":"","ocean_post_title_bg_image_attachment":"","ocean_post_title_bg_image_repeat":"","ocean_post_title_bg_image_size":"","ocean_post_title_height":0,"ocean_post_title_bg_overlay":0.5,"ocean_post_title_bg_overlay_color":"","ocean_disable_breadcrumbs":"default","ocean_breadcrumbs_color":"","ocean_breadcrumbs_separator_color":"","ocean_breadcrumbs_links_color":"","ocean_breadcrumbs_links_hover_color":"","ocean_display_footer_widgets":"default","ocean_display_footer_bottom":"default","ocean_custom_footer_template":"0","_themeisle_gutenberg_block_has_review":false,"footnotes":""},"yoast_head":"<!-- This site is optimized with the Yoast SEO plugin v22.1 - https:\/\/yoast.com\/wordpress\/plugins\/seo\/ -->\n<title>Realizacje - Mycie ci\u015bnieniowe dach&oacute;w, elewacji, kostki brukowej, okien<\/title>\n<meta name=\"description\" content=\"Mycie ci\u015bnieniowe dach\u00f3w, elewacji, kostki brukowej. Usuwanie plam olejowych, \u015blad\u00f3w opon. Impregnacja przeciwglonowa, hydrofobowa. Zmiana koloru kostki brukowej.\" \/>\n<meta name=\"robots\" content=\"index, follow, max-snippet:-1, max-image-preview:large, max-video-preview:-1\" \/>\n<link rel=\"canonical\" href=\"https:\/\/coumyc.pl\/index.php\/realizacje\/\" \/>\n<meta property=\"og:locale\" content=\"pl_PL\" \/>\n<meta property=\"og:type\" content=\"article\" \/>\n<meta property=\"og:title\" content=\"Realizacje - Mycie ci\u015bnieniowe dach&oacute;w, elewacji, kostki brukowej, okien\" \/>\n<meta property=\"og:description\" content=\"Mycie ci\u015bnieniowe dach\u00f3w, elewacji, kostki brukowej. Usuwanie plam olejowych, \u015blad\u00f3w opon. Impregnacja przeciwglonowa, hydrofobowa. Zmiana koloru kostki brukowej.\" \/>\n<meta property=\"og:url\" content=\"https:\/\/coumyc.pl\/index.php\/realizacje\/\" \/>\n<meta property=\"og:site_name\" content=\"Mycie ci\u015bnieniowe dach&oacute;w, elewacji, kostki brukowej, okien\" \/>\n<meta property=\"article:modified_time\" content=\"2023-01-06T10:34:53+00:00\" \/>\n<meta name=\"twitter:card\" content=\"summary_large_image\" \/>\n<meta name=\"twitter:label1\" content=\"Szacowany czas czytania\" \/>\n\t<meta name=\"twitter:data1\" content=\"2 minuty\" \/>\n<script type=\"application\/ld+json\" class=\"yoast-schema-graph\">{\"@context\":\"https:\/\/schema.org\",\"@graph\":[{\"@type\":\"WebPage\",\"@id\":\"https:\/\/coumyc.pl\/index.php\/realizacje\/\",\"url\":\"https:\/\/coumyc.pl\/index.php\/realizacje\/\",\"name\":\"Realizacje - Mycie ci\u015bnieniowe dach&oacute;w, elewacji, kostki brukowej, okien\",\"isPartOf\":{\"@id\":\"https:\/\/coumyc.pl\/#website\"},\"datePublished\":\"2022-12-20T10:29:02+00:00\",\"dateModified\":\"2023-01-06T10:34:53+00:00\",\"description\":\"Mycie ci\u015bnieniowe dach\u00f3w, elewacji, kostki brukowej. Usuwanie plam olejowych, \u015blad\u00f3w opon. Impregnacja przeciwglonowa, hydrofobowa. Zmiana koloru kostki brukowej.\",\"breadcrumb\":{\"@id\":\"https:\/\/coumyc.pl\/index.php\/realizacje\/#breadcrumb\"},\"inLanguage\":\"pl-PL\",\"potentialAction\":[{\"@type\":\"ReadAction\",\"target\":[\"https:\/\/coumyc.pl\/index.php\/realizacje\/\"]}]},{\"@type\":\"BreadcrumbList\",\"@id\":\"https:\/\/coumyc.pl\/index.php\/realizacje\/#breadcrumb\",\"itemListElement\":[{\"@type\":\"ListItem\",\"position\":1,\"name\":\"Strona g\u0142\u00f3wna\",\"item\":\"https:\/\/coumyc.pl\/\"},{\"@type\":\"ListItem\",\"position\":2,\"name\":\"Realizacje\"}]},{\"@type\":\"WebSite\",\"@id\":\"https:\/\/coumyc.pl\/#website\",\"url\":\"https:\/\/coumyc.pl\/\",\"name\":\"Mycie ci\u015bnieniowe dach&oacute;w, elewacji, kostki brukowej, okien\",\"description\":\"Specjalistyczne us\u0142ugi sprz\u0105taj\u0105ce, mycie ci\u015bnieniowe mycie dach&oacute;w, mycie elewacji, mycie kostki brukowej, mycie okien, mycie paneli fotowoltaicznych\",\"publisher\":{\"@id\":\"https:\/\/coumyc.pl\/#organization\"},\"potentialAction\":[{\"@type\":\"SearchAction\",\"target\":{\"@type\":\"EntryPoint\",\"urlTemplate\":\"https:\/\/coumyc.pl\/?s={search_term_string}\"},\"query-input\":\"required name=search_term_string\"}],\"inLanguage\":\"pl-PL\"},{\"@type\":\"Organization\",\"@id\":\"https:\/\/coumyc.pl\/#organization\",\"name\":\"Mycie ci\u015bnieniowe dach&oacute;w, elewacji, kostki brukowej, okien\",\"url\":\"https:\/\/coumyc.pl\/\",\"logo\":{\"@type\":\"ImageObject\",\"inLanguage\":\"pl-PL\",\"@id\":\"https:\/\/coumyc.pl\/#\/schema\/logo\/image\/\",\"url\":\"https:\/\/coumyc.pl\/wp-content\/uploads\/2022\/12\/cropped-logo-bez-tla-wieksze.png\",\"contentUrl\":\"https:\/\/coumyc.pl\/wp-content\/uploads\/2022\/12\/cropped-logo-bez-tla-wieksze.png\",\"width\":905,\"height\":705,\"caption\":\"Mycie ci\u015bnieniowe dach&oacute;w, elewacji, kostki brukowej,  okien\"},\"image\":{\"@id\":\"https:\/\/coumyc.pl\/#\/schema\/logo\/image\/\"}}]}<\/script>\n<!-- \/ Yoast SEO plugin. -->","yoast_head_json":{"title":"Realizacje - Mycie ci\u015bnieniowe dach&oacute;w, elewacji, kostki brukowej, okien","description":"Mycie ci\u015bnieniowe dach\u00f3w, elewacji, kostki brukowej. Usuwanie plam olejowych, \u015blad\u00f3w opon. Impregnacja przeciwglonowa, hydrofobowa. Zmiana koloru kostki brukowej.","robots":{"index":"index","follow":"follow","max-snippet":"max-snippet:-1","max-image-preview":"max-image-preview:large","max-video-preview":"max-video-preview:-1"},"canonical":"https:\/\/coumyc.pl\/index.php\/realizacje\/","og_locale":"pl_PL","og_type":"article","og_title":"Realizacje - Mycie ci\u015bnieniowe dach&oacute;w, elewacji, kostki brukowej, okien","og_description":"Mycie ci\u015bnieniowe dach\u00f3w, elewacji, kostki brukowej. Usuwanie plam olejowych, \u015blad\u00f3w opon. Impregnacja przeciwglonowa, hydrofobowa. Zmiana koloru kostki brukowej.","og_url":"https:\/\/coumyc.pl\/index.php\/realizacje\/","og_site_name":"Mycie ci\u015bnieniowe dach&oacute;w, elewacji, kostki brukowej, okien","article_modified_time":"2023-01-06T10:34:53+00:00","twitter_card":"summary_large_image","twitter_misc":{"Szacowany czas czytania":"2 minuty"},"schema":{"@context":"https:\/\/schema.org","@graph":[{"@type":"WebPage","@id":"https:\/\/coumyc.pl\/index.php\/realizacje\/","url":"https:\/\/coumyc.pl\/index.php\/realizacje\/","name":"Realizacje - Mycie ci\u015bnieniowe dach&oacute;w, elewacji, kostki brukowej, okien","isPartOf":{"@id":"https:\/\/coumyc.pl\/#website"},"datePublished":"2022-12-20T10:29:02+00:00","dateModified":"2023-01-06T10:34:53+00:00","description":"Mycie ci\u015bnieniowe dach\u00f3w, elewacji, kostki brukowej. Usuwanie plam olejowych, \u015blad\u00f3w opon. Impregnacja przeciwglonowa, hydrofobowa. Zmiana koloru kostki brukowej.","breadcrumb":{"@id":"https:\/\/coumyc.pl\/index.php\/realizacje\/#breadcrumb"},"inLanguage":"pl-PL","potentialAction":[{"@type":"ReadAction","target":["https:\/\/coumyc.pl\/index.php\/realizacje\/"]}]},{"@type":"BreadcrumbList","@id":"https:\/\/coumyc.pl\/index.php\/realizacje\/#breadcrumb","itemListElement":[{"@type":"ListItem","position":1,"name":"Strona g\u0142\u00f3wna","item":"https:\/\/coumyc.pl\/"},{"@type":"ListItem","position":2,"name":"Realizacje"}]},{"@type":"WebSite","@id":"https:\/\/coumyc.pl\/#website","url":"https:\/\/coumyc.pl\/","name":"Mycie ci\u015bnieniowe dach&oacute;w, elewacji, kostki brukowej, okien","description":"Specjalistyczne us\u0142ugi sprz\u0105taj\u0105ce, mycie ci\u015bnieniowe mycie dach&oacute;w, mycie elewacji, mycie kostki brukowej, mycie okien, mycie paneli fotowoltaicznych","publisher":{"@id":"https:\/\/coumyc.pl\/#organization"},"potentialAction":[{"@type":"SearchAction","target":{"@type":"EntryPoint","urlTemplate":"https:\/\/coumyc.pl\/?s={search_term_string}"},"query-input":"required name=search_term_string"}],"inLanguage":"pl-PL"},{"@type":"Organization","@id":"https:\/\/coumyc.pl\/#organization","name":"Mycie ci\u015bnieniowe dach&oacute;w, elewacji, kostki brukowej, okien","url":"https:\/\/coumyc.pl\/","logo":{"@type":"ImageObject","inLanguage":"pl-PL","@id":"https:\/\/coumyc.pl\/#\/schema\/logo\/image\/","url":"https:\/\/coumyc.pl\/wp-content\/uploads\/2022\/12\/cropped-logo-bez-tla-wieksze.png","contentUrl":"https:\/\/coumyc.pl\/wp-content\/uploads\/2022\/12\/cropped-logo-bez-tla-wieksze.png","width":905,"height":705,"caption":"Mycie ci\u015bnieniowe dach&oacute;w, elewacji, kostki brukowej,  okien"},"image":{"@id":"https:\/\/coumyc.pl\/#\/schema\/logo\/image\/"}}]}},"_links":{"self":[{"href":"https:\/\/coumyc.pl\/index.php\/wp-json\/wp\/v2\/pages\/172"}],"collection":[{"href":"https:\/\/coumyc.pl\/index.php\/wp-json\/wp\/v2\/pages"}],"about":[{"href":"https:\/\/coumyc.pl\/index.php\/wp-json\/wp\/v2\/types\/page"}],"author":[{"embeddable":true,"href":"https:\/\/coumyc.pl\/index.php\/wp-json\/wp\/v2\/users\/1"}],"replies":[{"embeddable":true,"href":"https:\/\/coumyc.pl\/index.php\/wp-json\/wp\/v2\/comments?post=172"}],"version-history":[{"count":48,"href":"https:\/\/coumyc.pl\/index.php\/wp-json\/wp\/v2\/pages\/172\/revisions"}],"predecessor-version":[{"id":659,"href":"https:\/\/coumyc.pl\/index.php\/wp-json\/wp\/v2\/pages\/172\/revisions\/659"}],"wp:attachment":[{"href":"https:\/\/coumyc.pl\/index.php\/wp-json\/wp\/v2\/media?parent=172"}],"curies":[{"name":"wp","href":"https:\/\/api.w.org\/{rel}","templated":true}]}}